{"id":360,"date":"2026-03-11T12:30:50","date_gmt":"2026-03-11T12:30:50","guid":{"rendered":"https:\/\/montamis.com\/accueil\/"},"modified":"2026-04-25T11:50:10","modified_gmt":"2026-04-25T11:50:10","slug":"accueil","status":"publish","type":"page","link":"https:\/\/montamis.com\/fr\/","title":{"rendered":"Accueil"},"content":{"rendered":"\t\t<div data-elementor-type=\"wp-page\" data-elementor-id=\"360\" class=\"elementor elementor-360 elementor-23\" data-elementor-post-type=\"page\">\n\t\t\t\t<div class=\"elementor-element elementor-element-ced7cd6 e-flex e-con-boxed e-con e-parent\" data-id=\"ced7cd6\" data-element_type=\"container\" data-e-type=\"container\" data-settings=\"{&quot;background_background&quot;:&quot;classic&quot;,&quot;shape_divider_bottom&quot;:&quot;waves&quot;,&quot;background_motion_fx_motion_fx_scrolling&quot;:&quot;yes&quot;,&quot;background_motion_fx_blur_effect&quot;:&quot;yes&quot;,&quot;background_motion_fx_blur_level&quot;:{&quot;unit&quot;:&quot;px&quot;,&quot;size&quot;:4,&quot;sizes&quot;:[]},&quot;background_motion_fx_blur_range&quot;:{&quot;unit&quot;:&quot;%&quot;,&quot;size&quot;:&quot;&quot;,&quot;sizes&quot;:{&quot;start&quot;:0,&quot;end&quot;:20}},&quot;background_motion_fx_range&quot;:&quot;viewport&quot;,&quot;background_motion_fx_blur_direction&quot;:&quot;out-in&quot;,&quot;background_motion_fx_devices&quot;:[&quot;desktop&quot;,&quot;tablet&quot;,&quot;mobile&quot;]}\">\n\t\t\t\t\t<div class=\"e-con-inner\">\n\t\t\t\t<div class=\"elementor-shape elementor-shape-bottom\" aria-hidden=\"true\" data-negative=\"false\">\n\t\t\t<svg xmlns=\"http:\/\/www.w3.org\/2000\/svg\" viewBox=\"0 0 1000 100\" preserveAspectRatio=\"none\">\n\t<path class=\"elementor-shape-fill\" d=\"M421.9,6.5c22.6-2.5,51.5,0.4,75.5,5.3c23.6,4.9,70.9,23.5,100.5,35.7c75.8,32.2,133.7,44.5,192.6,49.7\n\tc23.6,2.1,48.7,3.5,103.4-2.5c54.7-6,106.2-25.6,106.2-25.6V0H0v30.3c0,0,72,32.6,158.4,30.5c39.2-0.7,92.8-6.7,134-22.4\n\tc21.2-8.1,52.2-18.2,79.7-24.2C399.3,7.9,411.6,7.5,421.9,6.5z\"\/>\n<\/svg>\t\t<\/div>\n\t\t<div class=\"elementor-element elementor-element-4b1bb2a e-con-full e-flex e-con e-child\" data-id=\"4b1bb2a\" data-element_type=\"container\" data-e-type=\"container\">\n\t\t<div class=\"elementor-element elementor-element-32e5276 e-con-full e-flex e-con e-child\" data-id=\"32e5276\" data-element_type=\"container\" data-e-type=\"container\">\n\t\t\t\t<div class=\"elementor-element elementor-element-644a8da animated-slow elementor-invisible elementor-widget elementor-widget-image\" data-id=\"644a8da\" data-element_type=\"widget\" data-e-type=\"widget\" data-settings=\"{&quot;_animation&quot;:&quot;rotateIn&quot;,&quot;_animation_delay&quot;:300}\" data-widget_type=\"image.default\">\n\t\t\t\t\t\t\t\t\t\t\t\t\t\t\t<img fetchpriority=\"high\" decoding=\"async\" width=\"512\" height=\"512\" src=\"https:\/\/montamis.com\/wp-content\/uploads\/2026\/02\/MontAmis-Favicon.png\" class=\"attachment-large size-large wp-image-356\" alt=\"\" srcset=\"https:\/\/montamis.com\/wp-content\/uploads\/2026\/02\/MontAmis-Favicon.png 512w, https:\/\/montamis.com\/wp-content\/uploads\/2026\/02\/MontAmis-Favicon-300x300.png 300w, https:\/\/montamis.com\/wp-content\/uploads\/2026\/02\/MontAmis-Favicon-150x150.png 150w\" sizes=\"(max-width: 512px) 100vw, 512px\" \/>\t\t\t\t\t\t\t\t\t\t\t\t\t\t\t<\/div>\n\t\t\t\t<div class=\"elementor-element elementor-element-6f4ce0f animated-slow elementor-invisible elementor-widget elementor-widget-heading\" data-id=\"6f4ce0f\" data-element_type=\"widget\" data-e-type=\"widget\" data-settings=\"{&quot;_animation&quot;:&quot;fadeInDown&quot;}\" data-widget_type=\"heading.default\">\n\t\t\t\t\t<h1 class=\"elementor-heading-title elementor-size-default\">Bienvenue chez <span style=\"color: #FAC819\">Mont<\/span>Amis<\/h1>\t\t\t\t<\/div>\n\t\t\t\t<div class=\"elementor-element elementor-element-f52e885 elementor-widget__width-initial animated-slow elementor-invisible elementor-widget elementor-widget-heading\" data-id=\"f52e885\" data-element_type=\"widget\" data-e-type=\"widget\" data-settings=\"{&quot;_animation&quot;:&quot;fadeInUp&quot;,&quot;_animation_delay&quot;:500}\" data-widget_type=\"heading.default\">\n\t\t\t\t\t<h2 class=\"elementor-heading-title elementor-size-default\">Vivre le naturisme ensemble, de mani\u00e8re responsable et en harmonie avec l'environnement<\/h2>\t\t\t\t<\/div>\n\t\t\t\t<\/div>\n\t\t<div class=\"elementor-element elementor-element-f44942d e-con-full e-flex e-con e-child\" data-id=\"f44942d\" data-element_type=\"container\" data-e-type=\"container\">\n\t\t\t\t<div class=\"elementor-element elementor-element-a5d0284 elementor-align-justify elementor-widget__width-initial animated-slow elementor-invisible elementor-widget elementor-widget-button\" data-id=\"a5d0284\" data-element_type=\"widget\" data-e-type=\"widget\" data-settings=\"{&quot;_animation&quot;:&quot;zoomIn&quot;,&quot;_animation_delay&quot;:800}\" data-widget_type=\"button.default\">\n\t\t\t\t\t\t\t\t\t\t<a class=\"elementor-button elementor-button-link elementor-size-sm\" href=\"#ueber\">\n\t\t\t\t\t\t<span class=\"elementor-button-content-wrapper\">\n\t\t\t\t\t\t\t\t\t<span class=\"elementor-button-text\">\u00c0 propos<\/span>\n\t\t\t\t\t<\/span>\n\t\t\t\t\t<\/a>\n\t\t\t\t\t\t\t\t<\/div>\n\t\t\t\t<\/div>\n\t\t\t\t<\/div>\n\t\t\t\t\t<\/div>\n\t\t\t\t<\/div>\n\t\t<div class=\"elementor-element elementor-element-6bf27da e-flex e-con-boxed e-con e-parent\" data-id=\"6bf27da\" data-element_type=\"container\" data-e-type=\"container\" id=\"ueber\" data-settings=\"{&quot;background_background&quot;:&quot;classic&quot;,&quot;shape_divider_bottom&quot;:&quot;waves&quot;}\">\n\t\t\t\t\t<div class=\"e-con-inner\">\n\t\t\t\t<div class=\"elementor-shape elementor-shape-bottom\" aria-hidden=\"true\" data-negative=\"false\">\n\t\t\t<svg xmlns=\"http:\/\/www.w3.org\/2000\/svg\" viewBox=\"0 0 1000 100\" preserveAspectRatio=\"none\">\n\t<path class=\"elementor-shape-fill\" d=\"M421.9,6.5c22.6-2.5,51.5,0.4,75.5,5.3c23.6,4.9,70.9,23.5,100.5,35.7c75.8,32.2,133.7,44.5,192.6,49.7\n\tc23.6,2.1,48.7,3.5,103.4-2.5c54.7-6,106.2-25.6,106.2-25.6V0H0v30.3c0,0,72,32.6,158.4,30.5c39.2-0.7,92.8-6.7,134-22.4\n\tc21.2-8.1,52.2-18.2,79.7-24.2C399.3,7.9,411.6,7.5,421.9,6.5z\"\/>\n<\/svg>\t\t<\/div>\n\t\t<div class=\"elementor-element elementor-element-2430126 e-grid e-con-full e-con e-child\" data-id=\"2430126\" data-element_type=\"container\" data-e-type=\"container\">\n\t\t<div class=\"elementor-element elementor-element-f346cb3 e-con-full e-flex e-con e-child\" data-id=\"f346cb3\" data-element_type=\"container\" data-e-type=\"container\">\n\t\t\t\t<div class=\"elementor-element elementor-element-3e6a8a0 animated-slow elementor-invisible elementor-widget elementor-widget-image\" data-id=\"3e6a8a0\" data-element_type=\"widget\" data-e-type=\"widget\" data-settings=\"{&quot;_animation&quot;:&quot;zoomIn&quot;}\" data-widget_type=\"image.default\">\n\t\t\t\t\t\t\t\t\t\t\t\t\t\t\t<img decoding=\"async\" width=\"600\" height=\"800\" src=\"https:\/\/montamis.com\/wp-content\/uploads\/2026\/03\/MontAmis-Montalivet-6.webp\" class=\"attachment-large size-large wp-image-358\" alt=\"\" srcset=\"https:\/\/montamis.com\/wp-content\/uploads\/2026\/03\/MontAmis-Montalivet-6.webp 600w, https:\/\/montamis.com\/wp-content\/uploads\/2026\/03\/MontAmis-Montalivet-6-225x300.webp 225w\" sizes=\"(max-width: 600px) 100vw, 600px\" \/>\t\t\t\t\t\t\t\t\t\t\t\t\t\t\t<\/div>\n\t\t\t\t<\/div>\n\t\t<div class=\"elementor-element elementor-element-0969e75 e-con-full e-flex e-con e-child\" data-id=\"0969e75\" data-element_type=\"container\" data-e-type=\"container\">\n\t\t\t\t<div class=\"elementor-element elementor-element-8a83404 animated-slow elementor-invisible elementor-widget elementor-widget-heading\" data-id=\"8a83404\" data-element_type=\"widget\" data-e-type=\"widget\" data-settings=\"{&quot;_animation&quot;:&quot;fadeInDown&quot;}\" data-widget_type=\"heading.default\">\n\t\t\t\t\t<h2 class=\"elementor-heading-title elementor-size-default\">Une communaut\u00e9 vivante et enracin\u00e9e<\/h2>\t\t\t\t<\/div>\n\t\t\t\t<div class=\"elementor-element elementor-element-8160740 animated-slow elementor-invisible elementor-widget elementor-widget-text-editor\" data-id=\"8160740\" data-element_type=\"widget\" data-e-type=\"widget\" data-settings=\"{&quot;_animation&quot;:&quot;fadeInUp&quot;,&quot;_animation_delay&quot;:500}\" data-widget_type=\"text-editor.default\">\n\t\t\t\t\t\t\t\t\t<p><strong>Bienvenue chez MontAmis<\/strong><\/p>\n\t\t\t\t\t\t\t\t<\/div>\n\t\t\t\t<div class=\"elementor-element elementor-element-6edf45b animated-slow elementor-invisible elementor-widget elementor-widget-text-editor\" data-id=\"6edf45b\" data-element_type=\"widget\" data-e-type=\"widget\" data-settings=\"{&quot;_animation&quot;:&quot;fadeInUp&quot;,&quot;_animation_delay&quot;:500}\" data-widget_type=\"text-editor.default\">\n\t\t\t\t\t\t\t\t\t<p>MontAmis est n\u00e9 d\u2019un attachement profond au <strong>Centre H\u00e9lio Marin de Montalivet (CHM)<\/strong> \u2013 un lieu unique qui incarne depuis 1950 le naturisme v\u00e9cu en communaut\u00e9, le respect de la nature et une vie culturelle partag\u00e9e hors du commun.<\/p>\n<p>Ce lieu est bien plus qu\u2019une destination de vacances. C\u2019est un espace de vie, un lieu de rencontre et l\u2019expression d\u2019une communaut\u00e9 vivante et enracin\u00e9e dans son histoire.<\/p>\n<p>Le CHM a \u00e9t\u00e9 cr\u00e9\u00e9 <strong>pour vivre le naturisme ensemble, de mani\u00e8re responsable et en harmonie avec l\u2019environnement<\/strong> \u2013 ancr\u00e9 dans la commune de Vendays-Montalivet et port\u00e9 par l\u2019ambition de prot\u00e9ger durablement ce lieu exceptionnel et de le transmettre aux g\u00e9n\u00e9rations futures.<\/p>\n\t\t\t\t\t\t\t\t<\/div>\n\t\t\t\t<\/div>\n\t\t\t\t<\/div>\n\t\t\t\t\t<\/div>\n\t\t\t\t<\/div>\n\t\t<div class=\"elementor-element elementor-element-4adf27f e-flex e-con-boxed e-con e-parent\" data-id=\"4adf27f\" data-element_type=\"container\" data-e-type=\"container\" id=\"mission\" data-settings=\"{&quot;background_background&quot;:&quot;classic&quot;}\">\n\t\t\t\t\t<div class=\"e-con-inner\">\n\t\t<div class=\"elementor-element elementor-element-d8e9421 e-grid e-con-full e-con e-child\" data-id=\"d8e9421\" data-element_type=\"container\" data-e-type=\"container\">\n\t\t\t\t<div class=\"elementor-element elementor-element-8c28eff elementor-widget elementor-widget-heading\" data-id=\"8c28eff\" data-element_type=\"widget\" data-e-type=\"widget\" data-widget_type=\"heading.default\">\n\t\t\t\t\t<h2 class=\"elementor-heading-title elementor-size-default\">La communaut\u00e9 avant les int\u00e9r\u00eats particuliers<\/h2>\t\t\t\t<\/div>\n\t\t\t\t<div class=\"elementor-element elementor-element-d155c7b elementor-widget elementor-widget-text-editor\" data-id=\"d155c7b\" data-element_type=\"widget\" data-e-type=\"widget\" data-widget_type=\"text-editor.default\">\n\t\t\t\t\t\t\t\t\t<p>MontAmis rassemble toutes celles et ceux qui utilisent, habitent et contribuent \u00e0 fa\u00e7onner le CHM : vacanciers et visiteurs, r\u00e9sidents, propri\u00e9taires de bungalows, de mobil-homes et de caravanes, ainsi qu&#8217;employ\u00e9s, b\u00e9n\u00e9voles et professionnels travaillant sur place.<\/p>\n<p>Nous partageons la conviction que <strong>la protection, le d\u00e9veloppement et l&rsquo;avenir du CHM ne peuvent r\u00e9ussir qu&rsquo;ensemble<\/strong> \u2013 dans l&rsquo;int\u00e9r\u00eat de la communaut\u00e9 et non d&rsquo;acteurs individuels.<\/p>\n<p>L&rsquo;identit\u00e9 du CHM est le fruit de plus de 75 ans d&rsquo;engagement :<br \/>celui de femmes et d&rsquo;hommes qui ont construit, entretenu, financ\u00e9 et fa\u00e7onn\u00e9 culturellement ce lieu. C&rsquo;est cette participation historique, collective et continue qui fait la valeur et l&rsquo;unicit\u00e9 du CHM.<\/p>\n\t\t\t\t\t\t\t\t<\/div>\n\t\t\t\t<\/div>\n\t\t\t\t\t<\/div>\n\t\t\t\t<\/div>\n\t\t<div class=\"elementor-element elementor-element-e8dfc07 e-flex e-con-boxed e-con e-parent\" data-id=\"e8dfc07\" data-element_type=\"container\" data-e-type=\"container\" data-settings=\"{&quot;background_background&quot;:&quot;classic&quot;,&quot;shape_divider_top&quot;:&quot;waves&quot;}\">\n\t\t\t\t\t<div class=\"e-con-inner\">\n\t\t\t\t<div class=\"elementor-shape elementor-shape-top\" aria-hidden=\"true\" data-negative=\"false\">\n\t\t\t<svg xmlns=\"http:\/\/www.w3.org\/2000\/svg\" viewBox=\"0 0 1000 100\" preserveAspectRatio=\"none\">\n\t<path class=\"elementor-shape-fill\" d=\"M421.9,6.5c22.6-2.5,51.5,0.4,75.5,5.3c23.6,4.9,70.9,23.5,100.5,35.7c75.8,32.2,133.7,44.5,192.6,49.7\n\tc23.6,2.1,48.7,3.5,103.4-2.5c54.7-6,106.2-25.6,106.2-25.6V0H0v30.3c0,0,72,32.6,158.4,30.5c39.2-0.7,92.8-6.7,134-22.4\n\tc21.2-8.1,52.2-18.2,79.7-24.2C399.3,7.9,411.6,7.5,421.9,6.5z\"\/>\n<\/svg>\t\t<\/div>\n\t\t<div class=\"elementor-element elementor-element-b4ad6e1 e-grid e-con-full e-con e-child\" data-id=\"b4ad6e1\" data-element_type=\"container\" data-e-type=\"container\">\n\t\t<div class=\"elementor-element elementor-element-5397681 e-con-full e-flex e-con e-child\" data-id=\"5397681\" data-element_type=\"container\" data-e-type=\"container\">\n\t\t\t\t<div class=\"elementor-element elementor-element-a389358 elementor-widget elementor-widget-heading\" data-id=\"a389358\" data-element_type=\"widget\" data-e-type=\"widget\" data-widget_type=\"heading.default\">\n\t\t\t\t\t<h2 class=\"elementor-heading-title elementor-size-default\">D\u00e9mocratie, transparence et participation<\/h2>\t\t\t\t<\/div>\n\t\t\t\t<div class=\"elementor-element elementor-element-c2a3f9e elementor-widget elementor-widget-text-editor\" data-id=\"c2a3f9e\" data-element_type=\"widget\" data-e-type=\"widget\" data-widget_type=\"text-editor.default\">\n\t\t\t\t\t\t\t\t\t<p>Dans un \u00c9tat de droit, il ne peut exister de vide d\u00e9mocratique \u2013 et il en va de m\u00eame au CHM.<\/p>\n<p>Toute personne qui utilise le CHM ou y exerce une activit\u00e9 a le droit \u00e0 :<\/p>\n<ul>\n<li>L&rsquo;information<\/li>\n<li>La parole et la possibilit\u00e9 de faire des propositions<\/li>\n<li>La repr\u00e9sentation<\/li>\n<li>La participation<\/li>\n<li>La co-d\u00e9cision et la co-gestion paritaires<\/li>\n<\/ul>\n<p>MontAmis se con\u00e7oit comme une plateforme permettant de rendre ces droits visibles, de les rassembler et de les d\u00e9fendre durablement \u2013 de mani\u00e8re ouverte, diverse et repr\u00e9sentative de l&rsquo;ensemble de la communaut\u00e9 du CHM.<\/p>\n\t\t\t\t\t\t\t\t<\/div>\n\t\t\t\t<\/div>\n\t\t<div class=\"elementor-element elementor-element-af6fe12 e-con-full e-flex e-con e-child\" data-id=\"af6fe12\" data-element_type=\"container\" data-e-type=\"container\">\n\t\t\t\t<div class=\"elementor-element elementor-element-80a0351 elementor-widget elementor-widget-heading\" data-id=\"80a0351\" data-element_type=\"widget\" data-e-type=\"widget\" data-widget_type=\"heading.default\">\n\t\t\t\t\t<h2 class=\"elementor-heading-title elementor-size-default\">Notre travail et notre conviction<\/h2>\t\t\t\t<\/div>\n\t\t\t\t<div class=\"elementor-element elementor-element-2e28994 elementor-widget elementor-widget-text-editor\" data-id=\"2e28994\" data-element_type=\"widget\" data-e-type=\"widget\" data-widget_type=\"text-editor.default\">\n\t\t\t\t\t\t\t\t\t<p>Au terme de plusieurs ann\u00e9es d&rsquo;\u00e9tude approfondie de l&rsquo;ensemble des contrats, r\u00e8glements et documents historiques d\u00e9terminants pour le CHM, nous sommes parvenus \u00e0 la conclusion que le CHM appartient collectivement aux propri\u00e9taires des bungalows et des mobil-homes.<\/p>\n<p>C&rsquo;est sur la base de cette conviction que nous nous engageons pour :<\/p>\n<ul>\n<li>La s\u00e9curit\u00e9 juridique et la transparence<\/li>\n<li>La protection des droits collectifs d&rsquo;usage et de participation<\/li>\n<li>Une gestion engag\u00e9e au service du bien commun<\/li>\n<li>La pr\u00e9servation de l&rsquo;identit\u00e9 naturiste et culturelle du CHM<\/li>\n<\/ul>\n<p>Notre travail s&rsquo;inscrit dans la dur\u00e9e. Il ne se guide pas par des conflits ou des proc\u00e9dures isol\u00e9s, mais par l&rsquo;objectif d&rsquo;ancrer la responsabilit\u00e9 du CHM l\u00e0 o\u00f9 elle a grandi historiquement, juridiquement et collectivement.<\/p>\n\t\t\t\t\t\t\t\t<\/div>\n\t\t\t\t<\/div>\n\t\t\t\t<\/div>\n\t\t\t\t\t<\/div>\n\t\t\t\t<\/div>\n\t\t<div class=\"elementor-element elementor-element-67bfa2f e-flex e-con-boxed e-con e-parent\" data-id=\"67bfa2f\" data-element_type=\"container\" data-e-type=\"container\" id=\"download\" data-settings=\"{&quot;background_background&quot;:&quot;classic&quot;,&quot;shape_divider_bottom&quot;:&quot;waves&quot;,&quot;shape_divider_top&quot;:&quot;waves&quot;}\">\n\t\t\t\t\t<div class=\"e-con-inner\">\n\t\t\t\t<div class=\"elementor-shape elementor-shape-top\" aria-hidden=\"true\" data-negative=\"false\">\n\t\t\t<svg xmlns=\"http:\/\/www.w3.org\/2000\/svg\" viewBox=\"0 0 1000 100\" preserveAspectRatio=\"none\">\n\t<path class=\"elementor-shape-fill\" d=\"M421.9,6.5c22.6-2.5,51.5,0.4,75.5,5.3c23.6,4.9,70.9,23.5,100.5,35.7c75.8,32.2,133.7,44.5,192.6,49.7\n\tc23.6,2.1,48.7,3.5,103.4-2.5c54.7-6,106.2-25.6,106.2-25.6V0H0v30.3c0,0,72,32.6,158.4,30.5c39.2-0.7,92.8-6.7,134-22.4\n\tc21.2-8.1,52.2-18.2,79.7-24.2C399.3,7.9,411.6,7.5,421.9,6.5z\"\/>\n<\/svg>\t\t<\/div>\n\t\t\t\t<div class=\"elementor-shape elementor-shape-bottom\" aria-hidden=\"true\" data-negative=\"false\">\n\t\t\t<svg xmlns=\"http:\/\/www.w3.org\/2000\/svg\" viewBox=\"0 0 1000 100\" preserveAspectRatio=\"none\">\n\t<path class=\"elementor-shape-fill\" d=\"M421.9,6.5c22.6-2.5,51.5,0.4,75.5,5.3c23.6,4.9,70.9,23.5,100.5,35.7c75.8,32.2,133.7,44.5,192.6,49.7\n\tc23.6,2.1,48.7,3.5,103.4-2.5c54.7-6,106.2-25.6,106.2-25.6V0H0v30.3c0,0,72,32.6,158.4,30.5c39.2-0.7,92.8-6.7,134-22.4\n\tc21.2-8.1,52.2-18.2,79.7-24.2C399.3,7.9,411.6,7.5,421.9,6.5z\"\/>\n<\/svg>\t\t<\/div>\n\t\t<div class=\"elementor-element elementor-element-1dc28ee e-con-full e-flex e-con e-child\" data-id=\"1dc28ee\" data-element_type=\"container\" data-e-type=\"container\">\n\t\t<div class=\"elementor-element elementor-element-9cc3f43 e-con-full e-flex e-con e-child\" data-id=\"9cc3f43\" data-element_type=\"container\" data-e-type=\"container\">\n\t\t\t\t<div class=\"elementor-element elementor-element-d0ebabe elementor-widget elementor-widget-heading\" data-id=\"d0ebabe\" data-element_type=\"widget\" data-e-type=\"widget\" data-widget_type=\"heading.default\">\n\t\t\t\t\t<h2 class=\"elementor-heading-title elementor-size-default\">MontAmis<span style=\"color: #FAC819\"><\/span><\/h2>\t\t\t\t<\/div>\n\t\t\t\t<div class=\"elementor-element elementor-element-1e7093b animated-slow elementor-invisible elementor-widget elementor-widget-image\" data-id=\"1e7093b\" data-element_type=\"widget\" data-e-type=\"widget\" data-settings=\"{&quot;_animation&quot;:&quot;rotateIn&quot;,&quot;_animation_delay&quot;:300}\" data-widget_type=\"image.default\">\n\t\t\t\t\t\t\t\t\t\t\t\t\t\t\t<img fetchpriority=\"high\" decoding=\"async\" width=\"512\" height=\"512\" src=\"https:\/\/montamis.com\/wp-content\/uploads\/2026\/02\/MontAmis-Favicon.png\" class=\"attachment-large size-large wp-image-356\" alt=\"\" srcset=\"https:\/\/montamis.com\/wp-content\/uploads\/2026\/02\/MontAmis-Favicon.png 512w, https:\/\/montamis.com\/wp-content\/uploads\/2026\/02\/MontAmis-Favicon-300x300.png 300w, https:\/\/montamis.com\/wp-content\/uploads\/2026\/02\/MontAmis-Favicon-150x150.png 150w\" sizes=\"(max-width: 512px) 100vw, 512px\" \/>\t\t\t\t\t\t\t\t\t\t\t\t\t\t\t<\/div>\n\t\t\t\t<div class=\"elementor-element elementor-element-041ae18 elementor-widget elementor-widget-heading\" data-id=\"041ae18\" data-element_type=\"widget\" data-e-type=\"widget\" data-widget_type=\"heading.default\">\n\t\t\t\t\t<h3 class=\"elementor-heading-title elementor-size-default\">pour un CHM sous responsabilit\u00e9 partag\u00e9e<\/h3>\t\t\t\t<\/div>\n\t\t\t\t<div class=\"elementor-element elementor-element-58494a3 elementor-widget__width-initial elementor-widget elementor-widget-heading\" data-id=\"58494a3\" data-element_type=\"widget\" data-e-type=\"widget\" data-widget_type=\"heading.default\">\n\t\t\t\t\t<h2 class=\"elementor-heading-title elementor-size-default\">Nous vous invitons \u00e0 vous informer, \u00e0 r\u00e9fl\u00e9chir avec nous et \u00e0 faire partie de cet engagement. Car l'avenir du CHM se construit avec les personnes qui le font vivre. MontAmis repr\u00e9sente la communaut\u00e9, la responsabilit\u00e9 et l'avenir durable d'un lieu unique en son genre.<\/h2>\t\t\t\t<\/div>\n\t\t\t\t<\/div>\n\t\t<div class=\"elementor-element elementor-element-91b0e0e e-con-full e-flex e-con e-child\" data-id=\"91b0e0e\" data-element_type=\"container\" data-e-type=\"container\">\n\t\t<div class=\"elementor-element elementor-element-1fd3beb e-con-full e-flex e-con e-child\" data-id=\"1fd3beb\" data-element_type=\"container\" data-e-type=\"container\">\n\t\t\t\t<div class=\"elementor-element elementor-element-4eae744 elementor-align-justify elementor-widget__width-initial elementor-widget elementor-widget-button\" data-id=\"4eae744\" data-element_type=\"widget\" data-e-type=\"widget\" data-widget_type=\"button.default\">\n\t\t\t\t\t\t\t\t\t\t<a class=\"elementor-button elementor-button-link elementor-size-sm\" href=\"https:\/\/montamis.com\/wp-content\/uploads\/2026\/03\/MontAmis_Newsletter.pdf\" target=\"_blank\">\n\t\t\t\t\t\t<span class=\"elementor-button-content-wrapper\">\n\t\t\t\t\t\t\t\t\t<span class=\"elementor-button-text\">Newsletter T\u00e9l\u00e9chargement PDF<\/span>\n\t\t\t\t\t<\/span>\n\t\t\t\t\t<\/a>\n\t\t\t\t\t\t\t\t<\/div>\n\t\t\t\t<\/div>\n\t\t\t\t<\/div>\n\t\t\t\t<\/div>\n\t\t\t\t\t<\/div>\n\t\t\t\t<\/div>\n\t\t\t\t<\/div>\n\t\t","protected":false},"excerpt":{"rendered":"<p>Bienvenue chez MontAmis Vivre le naturisme ensemble, de mani\u00e8re responsable et en harmonie avec l&rsquo;environnement \u00c0 propos Une communaut\u00e9 vivante et enracin\u00e9e Bienvenue chez MontAmis MontAmis est n\u00e9 d\u2019un attachement profond au Centre H\u00e9lio Marin de Montalivet (CHM) \u2013 un lieu unique qui incarne depuis 1950 le naturisme v\u00e9cu en communaut\u00e9, le respect de la [&hellip;]<\/p>\n","protected":false},"author":1,"featured_media":0,"parent":0,"menu_order":0,"comment_status":"closed","ping_status":"closed","template":"","meta":{"footnotes":""},"class_list":["post-360","page","type-page","status-publish","hentry"],"_links":{"self":[{"href":"https:\/\/montamis.com\/fr\/wp-json\/wp\/v2\/pages\/360","targetHints":{"allow":["GET"]}}],"collection":[{"href":"https:\/\/montamis.com\/fr\/wp-json\/wp\/v2\/pages"}],"about":[{"href":"https:\/\/montamis.com\/fr\/wp-json\/wp\/v2\/types\/page"}],"author":[{"embeddable":true,"href":"https:\/\/montamis.com\/fr\/wp-json\/wp\/v2\/users\/1"}],"replies":[{"embeddable":true,"href":"https:\/\/montamis.com\/fr\/wp-json\/wp\/v2\/comments?post=360"}],"version-history":[{"count":6,"href":"https:\/\/montamis.com\/fr\/wp-json\/wp\/v2\/pages\/360\/revisions"}],"predecessor-version":[{"id":466,"href":"https:\/\/montamis.com\/fr\/wp-json\/wp\/v2\/pages\/360\/revisions\/466"}],"wp:attachment":[{"href":"https:\/\/montamis.com\/fr\/wp-json\/wp\/v2\/media?parent=360"}],"curies":[{"name":"wp","href":"https:\/\/api.w.org\/{rel}","templated":true}]}}